{"id":1003,"date":"2026-04-24T18:38:30","date_gmt":"2026-04-24T16:38:30","guid":{"rendered":"https:\/\/www.muriel-giroud.fr\/?page_id=1003"},"modified":"2026-04-25T10:30:01","modified_gmt":"2026-04-25T08:30:01","slug":"qui-suis-je","status":"publish","type":"page","link":"https:\/\/www.muriel-giroud.fr\/index.php\/qui-suis-je\/","title":{"rendered":"QUI SUIS-JE?"},"content":{"rendered":"\n<div class=\"wp-block-cover alignfull is-light\"><img loading=\"lazy\" decoding=\"async\" width=\"1024\" height=\"683\" class=\"wp-block-cover__image-background wp-image-1073 size-large\" alt=\"\" src=\"https:\/\/www.muriel-giroud.fr\/wp-content\/uploads\/2026\/04\/ble-3-9-1024x683.jpg\" data-object-fit=\"cover\" srcset=\"https:\/\/www.muriel-giroud.fr\/wp-content\/uploads\/2026\/04\/ble-3-9-1024x683.jpg 1024w, https:\/\/www.muriel-giroud.fr\/wp-content\/uploads\/2026\/04\/ble-3-9-300x200.jpg 300w, https:\/\/www.muriel-giroud.fr\/wp-content\/uploads\/2026\/04\/ble-3-9-768x512.jpg 768w, https:\/\/www.muriel-giroud.fr\/wp-content\/uploads\/2026\/04\/ble-3-9-1536x1024.jpg 1536w, https:\/\/www.muriel-giroud.fr\/wp-content\/uploads\/2026\/04\/ble-3-9-2048x1365.jpg 2048w\" sizes=\"auto, (max-width: 1024px) 100vw, 1024px\" \/><span aria-hidden=\"true\" class=\"wp-block-cover__background has-background-dim\" style=\"background-color:#d1ac94\"><\/span><div class=\"wp-block-cover__inner-container is-layout-constrained wp-block-cover-is-layout-constrained\">\n<p class=\"has-text-align-center has-large-font-size\"><strong>QUI SUIS-JE?<\/strong><\/p>\n<\/div><\/div>\n\n\n\n<p><strong><mark style=\"background-color:rgba(0, 0, 0, 0);color:#9f5425\" class=\"has-inline-color\">Pendant des ann\u00e9es, je ne vivais pas.<br>Je survivais.<\/mark><\/strong><\/p>\n\n\n\n<p>D\u00e9pendante affective, sauveuse dans mes relations, je mets les besoins des autres avant les miens.<br>Jusqu\u2019\u00e0 mes 46 ans, je n\u2019ai aucune notion de bien-\u00eatre, de d\u00e9veloppement personnel, d\u2019estime de soi.<br>Je ne sais m\u00eame pas ce que sont mes propres besoins.<\/p>\n\n\n\n<p>Puis il y a une s\u00e9paration. <br>Suivie de 18 mois d\u2019errements.<br>\u00c0 me demander pourquoi je me l\u00e8ve le matin, alors que je n\u2019ai pas de but dans ma vie. <br>Alors, sur les conseils d\u2019une amie, je me lance dans une th\u00e9rapie.<br>Premi\u00e8re s\u00e9ance : avril 2019.<\/p>\n\n\n\n<p>Ce jour-l\u00e0, en sortant de la s\u00e9ance, je m\u2019assieds dans ma voiture. <br>Et \u00e7a me tombe dessus. <br>Comme une \u00e9vidence.<br>Comme quelque chose qui attendait depuis longtemps:<br><em>\u00ab\u00a0c\u2019est \u00e7a que je veux faire de ma vie.<br><strong>Aider les femmes \u00e0 aller mieux.\u00a0\u00bb<\/strong><\/em><\/p>\n\n\n\n<p>Sauf que je gagne bien ma vie.<br>Que quitter ma zone de confort fait peur. <br>Alors je repousse. Plusieurs mois.<br>Jusqu\u2019\u00e0 ce que mon inconscient d\u00e9cide de prendre les choses en main. <br>Apr\u00e8s quatre mois de douleur, le verdict tombe : fracture de la hanche droite.<br>Fracture de fatigue et de stress. <br>Six mois d\u2019arr\u00eat.<br>Allong\u00e9e. Seule avec moi-m\u00eame. <br>On est fin 2019.<br>Et une seule question tourne en boucle : <br><em>\u00ab\u00a0il me reste 15 \u00e0 20 ans \u00e0 travailler.<\/em><br><em>Est-ce que je veux me lever tous les matins sans envie\u2026<\/em><br><em>ou faire quelque chose qui me fait vraiment vibrer ?<\/em> <br>La r\u00e9ponse est \u00e9vidente.<\/p>\n\n\n\n<p>Je me forme \u00e0 l&rsquo;EFT Clinique \u2014 certifi\u00e9e Praticienne \u00e0 l&rsquo;IFPEC, l&rsquo;Institut Fran\u00e7ais de Psychologie \u00c9nerg\u00e9tique Clinique,<br>la r\u00e9f\u00e9rence de l&rsquo;EFT en France. Je me certifie \u00e9galement Coach \u00e0 l&rsquo;ABCI de Morgane F\u00e9vrier, <br>et suis la formation Entra\u00een\u00e9 Pour R\u00e9ussir de David Laroche. <br>Pand\u00e9mie oblige, tout \u00e7a prend deux ans. <br>En octobre 2022, je me lance enfin.<\/p>\n\n\n\n<p>Aujourd&rsquo;hui,<mark style=\"background-color:rgba(0, 0, 0, 0);color:#9f5425\" class=\"has-inline-color\"> <strong>j&rsquo;accompagne des femmes<\/strong><\/mark> qui me ressemblent. <br>Celles qui survivent quand elles pourraient vivre. <br>Celles qui s&rsquo;oublient, qui doutent, qui ne savent plus qui elles sont vraiment.<\/p>\n\n\n\n<p>Quand je suis en s\u00e9ance, je me sens <strong><mark style=\"background-color:rgba(0, 0, 0, 0);color:#9f5425\" class=\"has-inline-color\">exactement l\u00e0 o\u00f9 je dois \u00eatre. <\/mark><\/strong><br>Accompagner des femmes \u00e0 aller mieux, \u00e0 atteindre leurs objectifs,<br> \u00e0 se retrouver \u2014 c&rsquo;est ma mission de vie. Pas juste mon m\u00e9tier.<\/p>\n\n\n\n<p>Je les accompagne comme j&rsquo;aurais aim\u00e9 l&rsquo;\u00eatre. <br>Avec <strong>franchise<\/strong>. Avec <strong>bienveillance.<\/strong> Et beaucoup <strong>d&rsquo;humour. <\/strong><br>Parce que oui \u2014 on peut aller mieux, et se marrer en chemin.<br>En m&rsquo;appuyant sur mes formations, sur l&rsquo;exp\u00e9rience de mes clientes \u2014 et sur la mienne. <br>Parce que je suis pass\u00e9e par l\u00e0 avant toi.<\/p>\n\n\n\n<p><strong><mark style=\"background-color:rgba(0, 0, 0, 0);color:#9f5425\" class=\"has-inline-color\">Si quelque chose en toi a r\u00e9sonn\u00e9 en lisant tout \u00e7a \u2014<br>c&rsquo;est peut-\u00eatre le signe qu&rsquo;il est temps de faire ce premier pas<\/mark><\/strong><\/p>\n\n\n\n<div class=\"wp-block-buttons is-layout-flex wp-block-buttons-is-layout-flex\">\n<div class=\"wp-block-button\"><a class=\"wp-block-button__link has-text-color has-background has-link-color wp-element-button\" style=\"color:#fcf3e4;background-color:#9f5425\">\u2728 Je r\u00e9serve mon appel d\u00e9couverte gratuit<\/a><\/div>\n<\/div>\n\n\n\n<p>.<\/p>\n\n\n\n<p><em><strong><em><strong><em><mark style=\"background-color:#fcf3e4;color:#9f5425\" class=\"has-inline-color\"><em><em><strong><em><strong><mark style=\"background-color:#fef7db;color:#9f5425\" class=\"has-inline-color\"><em><strong><em><strong>CROIS <\/strong><\/em><\/strong><\/em><\/mark><\/strong><\/em><\/strong><\/em><\/em><\/mark><\/em><\/strong><em><mark style=\"background-color:#fcf3e4;color:#9f5425\" class=\"has-inline-color\"><em><em><em><em><em><mark style=\"background-color:#fef7db;color:#9f5425\" class=\"has-inline-color\">en toi, <\/mark><\/em><\/em><\/em><\/em><\/em><\/mark><\/em><strong><em><mark style=\"background-color:#fcf3e4;color:#9f5425\" class=\"has-inline-color\"><em><em><strong><em><strong><mark style=\"background-color:#fef7db;color:#9f5425\" class=\"has-inline-color\"><em><strong><em><strong>OSE <\/strong><\/em><\/strong><\/em><\/mark><\/strong><\/em><\/strong><\/em><\/em><\/mark><\/em><\/strong><em><mark style=\"background-color:#fcf3e4;color:#9f5425\" class=\"has-inline-color\"><em><em><em><em><em><mark style=\"background-color:#fef7db;color:#9f5425\" class=\"has-inline-color\">faire le premier pas,<\/mark><\/em><\/em> <mark style=\"background-color:#fef7db;color:#9f5425\" class=\"has-inline-color\"><\/mark><\/em><\/em><\/em><\/mark><\/em><strong><em><mark style=\"background-color:#fcf3e4;color:#9f5425\" class=\"has-inline-color\"><em><em><strong><em><strong><mark style=\"background-color:#fef7db;color:#9f5425\" class=\"has-inline-color\"><em><strong><em><strong>BRILLE <\/strong><\/em><\/strong><\/em><\/mark><\/strong><\/em><\/strong><\/em><\/em><\/mark><\/em><\/strong><em><mark style=\"background-color:#fcf3e4;color:#9f5425\" class=\"has-inline-color\"><em><em><em><em><em><mark style=\"background-color:#fef7db;color:#9f5425\" class=\"has-inline-color\">dans ta vie align\u00e9e.<\/mark><\/em><\/em><\/em><\/em><\/em><\/mark><\/em><\/em><\/strong><\/em><\/p>\n\n\n\n<p><\/p>\n","protected":false},"excerpt":{"rendered":"<p>Pendant des ann\u00e9es, je ne vivais pas.Je survivais. D\u00e9pendante affective, sauveuse dans mes relations, je mets les besoins des autres [&hellip;]<\/p>\n","protected":false},"author":2,"featured_media":0,"parent":0,"menu_order":0,"comment_status":"closed","ping_status":"closed","template":"","meta":{"site-sidebar-layout":"default","site-content-layout":"","ast-site-content-layout":"default","site-content-style":"default","site-sidebar-style":"default","ast-global-header-display":"","ast-banner-title-visibility":"","ast-main-header-display":"","ast-hfb-above-header-display":"","ast-hfb-below-header-display":"","ast-hfb-mobile-header-display":"","site-post-title":"disabled","ast-breadcrumbs-content":"","ast-featured-img":"","footer-sml-layout":"","ast-disable-related-posts":"","theme-transparent-header-meta":"","adv-header-id-meta":"","stick-header-meta":"","header-above-stick-meta":"","header-main-stick-meta":"","header-below-stick-meta":"","astra-migrate-meta-layouts":"default","ast-page-background-enabled":"default","ast-page-background-meta":{"desktop":{"background-color":"var(--ast-global-color-5)","background-image":"","background-repeat":"repeat","background-position":"center center","background-size":"auto","background-attachment":"scroll","background-type":"","background-media":"","overlay-type":"","overlay-color":"","overlay-opacity":"","overlay-gradient":""},"tablet":{"background-color":"","background-image":"","background-repeat":"repeat","background-position":"center center","background-size":"auto","background-attachment":"scroll","background-type":"","background-media":"","overlay-type":"","overlay-color":"","overlay-opacity":"","overlay-gradient":""},"mobile":{"background-color":"","background-image":"","background-repeat":"repeat","background-position":"center center","background-size":"auto","background-attachment":"scroll","background-type":"","background-media":"","overlay-type":"","overlay-color":"","overlay-opacity":"","overlay-gradient":""}},"ast-content-background-meta":{"desktop":{"background-color":"var(--ast-global-color-4)","background-image":"","background-repeat":"repeat","background-position":"center center","background-size":"auto","background-attachment":"scroll","background-type":"","background-media":"","overlay-type":"","overlay-color":"","overlay-opacity":"","overlay-gradient":""},"tablet":{"background-color":"var(--ast-global-color-4)","background-image":"","background-repeat":"repeat","background-position":"center center","background-size":"auto","background-attachment":"scroll","background-type":"","background-media":"","overlay-type":"","overlay-color":"","overlay-opacity":"","overlay-gradient":""},"mobile":{"background-color":"var(--ast-global-color-4)","background-image":"","background-repeat":"repeat","background-position":"center center","background-size":"auto","background-attachment":"scroll","background-type":"","background-media":"","overlay-type":"","overlay-color":"","overlay-opacity":"","overlay-gradient":""}},"footnotes":""},"class_list":["post-1003","page","type-page","status-publish","hentry"],"_links":{"self":[{"href":"https:\/\/www.muriel-giroud.fr\/index.php\/wp-json\/wp\/v2\/pages\/1003","targetHints":{"allow":["GET"]}}],"collection":[{"href":"https:\/\/www.muriel-giroud.fr\/index.php\/wp-json\/wp\/v2\/pages"}],"about":[{"href":"https:\/\/www.muriel-giroud.fr\/index.php\/wp-json\/wp\/v2\/types\/page"}],"author":[{"embeddable":true,"href":"https:\/\/www.muriel-giroud.fr\/index.php\/wp-json\/wp\/v2\/users\/2"}],"replies":[{"embeddable":true,"href":"https:\/\/www.muriel-giroud.fr\/index.php\/wp-json\/wp\/v2\/comments?post=1003"}],"version-history":[{"count":10,"href":"https:\/\/www.muriel-giroud.fr\/index.php\/wp-json\/wp\/v2\/pages\/1003\/revisions"}],"predecessor-version":[{"id":1122,"href":"https:\/\/www.muriel-giroud.fr\/index.php\/wp-json\/wp\/v2\/pages\/1003\/revisions\/1122"}],"wp:attachment":[{"href":"https:\/\/www.muriel-giroud.fr\/index.php\/wp-json\/wp\/v2\/media?parent=1003"}],"curies":[{"name":"wp","href":"https:\/\/api.w.org\/{rel}","templated":true}]}}