{"id":3,"date":"2023-01-26T20:08:23","date_gmt":"2023-01-26T19:08:23","guid":{"rendered":"http:\/\/www.muriel-giroud.fr\/?page_id=3"},"modified":"2026-04-27T12:59:59","modified_gmt":"2026-04-27T10:59:59","slug":"politique-de-confidentialite","status":"publish","type":"page","link":"https:\/\/www.muriel-giroud.fr\/index.php\/politique-de-confidentialite\/","title":{"rendered":"Politique de confidentialit\u00e9"},"content":{"rendered":"\n<h2 class=\"wp-block-heading\"><\/h2>\n\n\n\n<div class=\"wp-block-cover is-light\"><img loading=\"lazy\" decoding=\"async\" width=\"1024\" height=\"683\" class=\"wp-block-cover__image-background wp-image-1073 size-large\" alt=\"\" src=\"https:\/\/www.muriel-giroud.fr\/wp-content\/uploads\/2026\/04\/ble-3-9-1024x683.jpg\" data-object-fit=\"cover\" srcset=\"https:\/\/www.muriel-giroud.fr\/wp-content\/uploads\/2026\/04\/ble-3-9-1024x683.jpg 1024w, https:\/\/www.muriel-giroud.fr\/wp-content\/uploads\/2026\/04\/ble-3-9-300x200.jpg 300w, https:\/\/www.muriel-giroud.fr\/wp-content\/uploads\/2026\/04\/ble-3-9-768x512.jpg 768w, https:\/\/www.muriel-giroud.fr\/wp-content\/uploads\/2026\/04\/ble-3-9-1536x1024.jpg 1536w, https:\/\/www.muriel-giroud.fr\/wp-content\/uploads\/2026\/04\/ble-3-9-2048x1365.jpg 2048w\" sizes=\"auto, (max-width: 1024px) 100vw, 1024px\" \/><span aria-hidden=\"true\" class=\"wp-block-cover__background has-background-dim\" style=\"background-color:#d1ac94\"><\/span><div class=\"wp-block-cover__inner-container is-layout-constrained wp-block-cover-is-layout-constrained\">\n<p class=\"has-text-align-center has-large-font-size\"><strong>POLITIQUE DE CONFIDENTIALITE<\/strong><\/p>\n<\/div><\/div>\n\n\n\n<p class=\"has-text-color has-link-color wp-elements-582500675d329992ca55d9638c9b7e78\" style=\"color:#9f5425\">\ud83d\udd12 <strong>Politique de confidentialit\u00e9<\/strong><\/p>\n\n\n\n<p>Les informations recueillies via les formulaires pr\u00e9sents sur ce site (nom, pr\u00e9nom, email, t\u00e9l\u00e9phone, r\u00e9ponses aux questionnaires) sont utilis\u00e9es uniquement dans le cadre de la prise de contact et des accompagnements propos\u00e9s.<\/p>\n\n\n\n<p>Ces donn\u00e9es me permettent :<\/p>\n\n\n\n<ul class=\"wp-block-list\">\n<li>de r\u00e9pondre \u00e0 vos demandes<\/li>\n\n\n\n<li>d\u2019organiser les s\u00e9ances<\/li>\n\n\n\n<li>de cr\u00e9er des accompagnements personnalis\u00e9s<\/li>\n<\/ul>\n\n\n\n<p>Vos donn\u00e9es ne sont jamais vendues, ni transmises \u00e0 des tiers \u00e0 des fins commerciales.<\/p>\n\n\n\n<p>Certaines donn\u00e9es peuvent \u00eatre trait\u00e9es via des outils externes (ex : Google Forms, Beacons, services de paiement), n\u00e9cessaires au bon fonctionnement des services propos\u00e9s.<\/p>\n\n\n\n<p>Les donn\u00e9es sont conserv\u00e9es uniquement le temps n\u00e9cessaire \u00e0 la relation d\u2019accompagnement.<\/p>\n\n\n\n<p>Conform\u00e9ment \u00e0 la r\u00e9glementation en vigueur, vous pouvez \u00e0 tout moment demander l\u2019acc\u00e8s, la modification ou la suppression de vos donn\u00e9es en me contactant \u00e0 :<br><strong><a>contact@muriel-giroud.fr<\/a><\/strong><\/p>\n","protected":false},"excerpt":{"rendered":"<p>\ud83d\udd12 Politique de confidentialit\u00e9 Les informations recueillies via les formulaires pr\u00e9sents sur ce site (nom, pr\u00e9nom, email, t\u00e9l\u00e9phone, r\u00e9ponses aux [&hellip;]<\/p>\n","protected":false},"author":1,"featured_media":0,"parent":0,"menu_order":0,"comment_status":"closed","ping_status":"open","template":"","meta":{"site-sidebar-layout":"default","site-content-layout":"","ast-site-content-layout":"default","site-content-style":"default","site-sidebar-style":"default","ast-global-header-display":"","ast-banner-title-visibility":"","ast-main-header-display":"","ast-hfb-above-header-display":"","ast-hfb-below-header-display":"","ast-hfb-mobile-header-display":"","site-post-title":"","ast-breadcrumbs-content":"","ast-featured-img":"","footer-sml-layout":"","ast-disable-related-posts":"","theme-transparent-header-meta":"","adv-header-id-meta":"","stick-header-meta":"","header-above-stick-meta":"","header-main-stick-meta":"","header-below-stick-meta":"","astra-migrate-meta-layouts":"default","ast-page-background-enabled":"default","ast-page-background-meta":{"desktop":{"background-color":"var(--ast-global-color-5)","background-image":"","background-repeat":"repeat","background-position":"center center","background-size":"auto","background-attachment":"scroll","background-type":"","background-media":"","overlay-type":"","overlay-color":"","overlay-opacity":"","overlay-gradient":""},"tablet":{"background-color":"","background-image":"","background-repeat":"repeat","background-position":"center center","background-size":"auto","background-attachment":"scroll","background-type":"","background-media":"","overlay-type":"","overlay-color":"","overlay-opacity":"","overlay-gradient":""},"mobile":{"background-color":"","background-image":"","background-repeat":"repeat","background-position":"center center","background-size":"auto","background-attachment":"scroll","background-type":"","background-media":"","overlay-type":"","overlay-color":"","overlay-opacity":"","overlay-gradient":""}},"ast-content-background-meta":{"desktop":{"background-color":"var(--ast-global-color-4)","background-image":"","background-repeat":"repeat","background-position":"center center","background-size":"auto","background-attachment":"scroll","background-type":"","background-media":"","overlay-type":"","overlay-color":"","overlay-opacity":"","overlay-gradient":""},"tablet":{"background-color":"var(--ast-global-color-4)","background-image":"","background-repeat":"repeat","background-position":"center center","background-size":"auto","background-attachment":"scroll","background-type":"","background-media":"","overlay-type":"","overlay-color":"","overlay-opacity":"","overlay-gradient":""},"mobile":{"background-color":"var(--ast-global-color-4)","background-image":"","background-repeat":"repeat","background-position":"center center","background-size":"auto","background-attachment":"scroll","background-type":"","background-media":"","overlay-type":"","overlay-color":"","overlay-opacity":"","overlay-gradient":""}},"footnotes":""},"class_list":["post-3","page","type-page","status-publish","hentry"],"_links":{"self":[{"href":"https:\/\/www.muriel-giroud.fr\/index.php\/wp-json\/wp\/v2\/pages\/3","targetHints":{"allow":["GET"]}}],"collection":[{"href":"https:\/\/www.muriel-giroud.fr\/index.php\/wp-json\/wp\/v2\/pages"}],"about":[{"href":"https:\/\/www.muriel-giroud.fr\/index.php\/wp-json\/wp\/v2\/types\/page"}],"author":[{"embeddable":true,"href":"https:\/\/www.muriel-giroud.fr\/index.php\/wp-json\/wp\/v2\/users\/1"}],"replies":[{"embeddable":true,"href":"https:\/\/www.muriel-giroud.fr\/index.php\/wp-json\/wp\/v2\/comments?post=3"}],"version-history":[{"count":2,"href":"https:\/\/www.muriel-giroud.fr\/index.php\/wp-json\/wp\/v2\/pages\/3\/revisions"}],"predecessor-version":[{"id":1201,"href":"https:\/\/www.muriel-giroud.fr\/index.php\/wp-json\/wp\/v2\/pages\/3\/revisions\/1201"}],"wp:attachment":[{"href":"https:\/\/www.muriel-giroud.fr\/index.php\/wp-json\/wp\/v2\/media?parent=3"}],"curies":[{"name":"wp","href":"https:\/\/api.w.org\/{rel}","templated":true}]}}