{"id":974,"date":"2026-04-23T23:30:35","date_gmt":"2026-04-23T21:30:35","guid":{"rendered":"https:\/\/www.muriel-giroud.fr\/?page_id=974"},"modified":"2026-04-25T12:21:29","modified_gmt":"2026-04-25T10:21:29","slug":"mes-accompagnements","status":"publish","type":"page","link":"https:\/\/www.muriel-giroud.fr\/index.php\/mes-accompagnements\/","title":{"rendered":"MES ACCOMPAGNEMENTS"},"content":{"rendered":"\n<div class=\"wp-block-cover alignfull is-light has-large-font-size\"><img loading=\"lazy\" decoding=\"async\" width=\"1024\" height=\"683\" class=\"wp-block-cover__image-background wp-image-1073 size-large\" alt=\"\" src=\"https:\/\/www.muriel-giroud.fr\/wp-content\/uploads\/2026\/04\/ble-3-9-1024x683.jpg\" data-object-fit=\"cover\" srcset=\"https:\/\/www.muriel-giroud.fr\/wp-content\/uploads\/2026\/04\/ble-3-9-1024x683.jpg 1024w, https:\/\/www.muriel-giroud.fr\/wp-content\/uploads\/2026\/04\/ble-3-9-300x200.jpg 300w, https:\/\/www.muriel-giroud.fr\/wp-content\/uploads\/2026\/04\/ble-3-9-768x512.jpg 768w, https:\/\/www.muriel-giroud.fr\/wp-content\/uploads\/2026\/04\/ble-3-9-1536x1024.jpg 1536w, https:\/\/www.muriel-giroud.fr\/wp-content\/uploads\/2026\/04\/ble-3-9-2048x1365.jpg 2048w\" sizes=\"auto, (max-width: 1024px) 100vw, 1024px\" \/><span aria-hidden=\"true\" class=\"wp-block-cover__background has-background-dim-10 has-background-dim\" style=\"background-color:#d1ac94\"><\/span><div class=\"wp-block-cover__inner-container is-layout-flow wp-block-cover-is-layout-flow\">\n<p class=\"has-text-align-center has-large-font-size\"><strong>MES ACCOMPAGNEMENTS<\/strong><\/p>\n<\/div><\/div>\n\n\n\n<p>Je t&rsquo;accompagne avec douceur, avec empathie, sans jugement ni id\u00e9e pr\u00e9con\u00e7ue.<br>Tu n&rsquo;es ni ta s\u0153ur, ni ton amie, ni ta voisine, tu es toi. Avec ton histoire, tes blessures, ta sensibilit\u00e9.<br>Alors mon accompagnement est enti\u00e8rement personnalis\u00e9, adapt\u00e9, \u00e0 toi.<br>Je t&rsquo;accompagne comme je l&rsquo;ai \u00e9t\u00e9 moi-m\u00eame, et comme j&rsquo;aurais aim\u00e9 l&rsquo;\u00eatre parfois.<br>Parce que oui, mes accompagnements sont autant guid\u00e9s par mon exp\u00e9rience, celles de mes clientes, <br>que par mes formations, par mes lectures et apprentissages.<br>Je te dirai toujours les choses franchement, mais avec bienveillance.<br>Je suis l\u00e0 pour t&rsquo;\u00e9couter, pour t&rsquo;accompagner \u00e0 atteindre tes objectifs.<\/p>\n\n\n\n<p><\/p>\n\n\n\n<h3 class=\"wp-block-heading\"><mark style=\"background-color:#fef7db;color:#8e2ed0\" class=\"has-inline-color\">\ud83c\udf3f<\/mark><strong><mark style=\"background-color:#fef7db;color:#9f5425\" class=\"has-inline-color\">Appel d\u00e9couverte<\/mark><\/strong><mark style=\"background-color:#fef7db;color:#8e2ed0\" class=\"has-inline-color\">\ud83c\udf3f<\/mark><\/h3>\n\n\n\n<h5 class=\"wp-block-heading\"><em><mark style=\"background-color:var(--ast-global-color-4);color:#8e2ed0\" class=\"has-inline-color\">\u2014<\/mark><\/em> gratuit<br><em><mark style=\"background-color:var(--ast-global-color-4);color:#8e2ed0\" class=\"has-inline-color\">\u2014<\/mark><\/em> 15 minutes<\/h5>\n\n\n\n<p>Tu te demandes si on peut travailler ensemble ?<br>R\u00e9serve un appel d\u00e9couverte gratuit. Je t&rsquo;appelle moi-m\u00eame au cr\u00e9neau choisi, on \u00e9change 15 minutes<br> \u2014 sans engagement, sans pression.<br>C&rsquo;est le premier pas. Le plus simple.<\/p>\n\n\n\n<div class=\"wp-block-buttons is-layout-flex wp-block-buttons-is-layout-flex\">\n<div class=\"wp-block-button\"><a class=\"wp-block-button__link has-text-color has-background has-link-color wp-element-button\" style=\"color:#fcf3e4;background-color:#9f5425\">\u2728 Je r\u00e9serve mon appel<\/a><\/div>\n<\/div>\n\n\n\n<p><\/p>\n\n\n\n<h3 class=\"wp-block-heading\"><mark style=\"background-color:#fef7db;color:#8e2ed0\" class=\"has-inline-color\">\ud83c\udf3f<\/mark><strong><mark style=\"background-color:#fef7db;color:#9f5425\" class=\"has-inline-color\">S\u00e9ance individuelle<\/mark><\/strong><mark style=\"background-color:#fef7db;color:#8e2ed0\" class=\"has-inline-color\">\ud83c\udf3f<\/mark>  <\/h3>\n\n\n\n<h5 class=\"wp-block-heading\"><em><mark style=\"background-color:var(--ast-global-color-4);color:#8e2ed0\" class=\"has-inline-color\">\u2014<\/mark><\/em>  70\u20ac <br><em><mark style=\"background-color:var(--ast-global-color-4);color:#8e2ed0\" class=\"has-inline-color\">\u2014<\/mark><\/em>  1h \u00e0 1h15 <em><mark style=\"background-color:#ffffff;color:#8e2ed0\" class=\"has-inline-color\">\u2014<\/mark><\/em> En visio<\/h5>\n\n\n\n<p>Une s\u00e9ance sur mesure, rien que pour toi.<br>Coaching, EFT, ou les deux \u2014 selon ce dont tu as besoin ce jour-l\u00e0.<br>On commence par comprendre o\u00f9 tu en es et ce que tu veux vraiment changer.<br> Puis on travaille. Concr\u00e8tement.<\/p>\n\n\n\n<div class=\"wp-block-buttons is-layout-flex wp-block-buttons-is-layout-flex\">\n<div class=\"wp-block-button\"><a class=\"wp-block-button__link has-text-color has-background has-link-color wp-element-button\" style=\"color:#fcf3e4;background-color:#9f5425\">\u2728 Je r\u00e9serve ma s\u00e9ance.<\/a><\/div>\n<\/div>\n\n\n\n<p><\/p>\n\n\n\n<h3 class=\"wp-block-heading\"><mark style=\"background-color:#fef7db;color:#8e2ed0\" class=\"has-inline-color\">\ud83c\udf3f<\/mark><mark style=\"background-color:#fef7db;color:#9f5425\" class=\"has-inline-color\"><strong>S\u00e9ance d&rsquo;urgence<\/strong><mark style=\"background-color:#fef7db;color:#8e2ed0\" class=\"has-inline-color\">\ud83c\udf3f<\/mark> <\/mark><\/h3>\n\n\n\n<h5 class=\"wp-block-heading\"><em><mark style=\"background-color:var(--ast-global-color-4);color:#8e2ed0\" class=\"has-inline-color\">\u2014<\/mark><\/em>  90\u20ac <br><em><mark style=\"background-color:var(--ast-global-color-4);color:#8e2ed0\" class=\"has-inline-color\">\u2014<\/mark><\/em> 1h \u00e0 1h30 <em><mark style=\"background-color:#ffffff;color:#8e2ed0\" class=\"has-inline-color\">\u2014<\/mark><\/em> Sous 24h<em><mark style=\"background-color:#ffffff;color:#8e2ed0\" class=\"has-inline-color\">\u2014<\/mark><\/em>  En visio<\/h5>\n\n\n\n<p>C&rsquo;est souvent le soir. \u00c7a d\u00e9borde. Tu ne sais plus quoi faire de ce que tu ressens.<br>Cette s\u00e9ance existe pour \u00e7a : pour les moments o\u00f9 \u00e7a ne peut pas attendre.<br>Tu envoies ta demande \u2014 je t&rsquo;appelle au plus vite (et au plus tard dans les 24h).<br>Parce que certains soirs, on a juste besoin que quelqu&rsquo;un d\u00e9croche.<br>\ud83d\udc49 <strong>Comment \u00e7a marche?:<\/strong> <br>         > Tu r\u00e9serves en cliquant sur le bouton<br>        > Tu remplis un court questionnaire pour m\u2019expliquer ta situation<br>        > D\u00e8s r\u00e9ception, je te recontacte dans les plus brefs d\u00e9lais<br>        > Nous faisons la s\u00e9ance en visio, au moment le plus rapide possible <br> Tu n\u2019as pas \u00e0 attendre plusieurs jours.<br> L\u2019objectif : que tu ne restes pas seule avec ce que tu vis.<\/p>\n\n\n\n<div class=\"wp-block-buttons is-layout-flex wp-block-buttons-is-layout-flex\">\n<div class=\"wp-block-button\"><a class=\"wp-block-button__link has-text-color has-background has-link-color wp-element-button\" style=\"color:#fcf3e4;background-color:#9f5425\">\u2728 J&rsquo;ai besoin d&rsquo;aide au plus t\u00f4t<\/a><\/div>\n<\/div>\n\n\n\n<p><\/p>\n\n\n\n<h3 class=\"wp-block-heading\"><mark style=\"background-color:#fef7db;color:#8e2ed0\" class=\"has-inline-color\">\ud83c\udf3f<\/mark><mark style=\"background-color:#fef7db;color:#9f5425\" class=\"has-inline-color\"><strong>Chasse aux b\u00e9n\u00e9fices cach\u00e9s<\/strong><mark style=\"background-color:#fef7db;color:#8e2ed0\" class=\"has-inline-color\">\ud83c\udf3f<\/mark> <\/mark><\/h3>\n\n\n\n<h5 class=\"wp-block-heading\"><em><mark style=\"background-color:var(--ast-global-color-4);color:#8e2ed0\" class=\"has-inline-color\">\u2014<\/mark><\/em>  199\u20ac <br><em><mark style=\"background-color:var(--ast-global-color-4);color:#8e2ed0\" class=\"has-inline-color\">\u2014<\/mark><\/em> 3 s\u00e9ances d&rsquo;1h \u00e0 1h15  <\/h5>\n\n\n\n<p>Tu sais que ce comportement te fait du mal. Et pourtant tu continues.<br>Ce n&rsquo;est pas un manque de volont\u00e9. C&rsquo;est que derri\u00e8re chaque comportement nocif <br>\u2014 manger pour se remplir, s&rsquo;isoler, exploser de col\u00e8re \u2014 <br>se cachent des b\u00e9n\u00e9fices inconscients que tu n&rsquo;as jamais identifi\u00e9s.<br>Sur 3 s\u00e9ances, on part \u00e0 leur chasse. On comprend. Et on lib\u00e8re.<\/p>\n\n\n\n<div class=\"wp-block-buttons is-layout-flex wp-block-buttons-is-layout-flex\">\n<div class=\"wp-block-button is-style-outline is-style-outline--1\"><a class=\"wp-block-button__link has-text-color has-background has-link-color wp-element-button\" style=\"color:#fcf3e4;background-color:#9f5425\">\u2728Je veux comprendre ce qui me bloque et m&rsquo;en lib\u00e9rer<\/a><\/div>\n<\/div>\n\n\n\n<p><\/p>\n\n\n\n<h3 class=\"wp-block-heading\"><mark style=\"background-color:#fef7db;color:#8e2ed0\" class=\"has-inline-color\">\ud83c\udf3f<\/mark><strong><mark style=\"background-color:#fef7db;color:#9f5425\" class=\"has-inline-color\">Vid\u00e9o d&rsquo;accompagnement personnalis\u00e9e<\/mark><\/strong><mark style=\"background-color:#fef7db;color:#8e2ed0\" class=\"has-inline-color\">\ud83c\udf3f<\/mark><mark style=\"background-color:#fef7db;color:#8e2ed0\" class=\"has-inline-color\"><\/mark><\/h3>\n\n\n\n<h5 class=\"wp-block-heading\"><em><mark style=\"background-color:var(--ast-global-color-4);color:#8e2ed0\" class=\"has-inline-color\">\u2014<\/mark><\/em>  15\u20ac <br><em><mark style=\"background-color:var(--ast-global-color-4);color:#8e2ed0\" class=\"has-inline-color\">\u2014<\/mark><\/em> Livr\u00e9e sous 24h<\/h5>\n\n\n\n<p>Tu connais l&rsquo;EFT mais tu bloques sur les mots ? Tu traverses une crise d&rsquo;angoisse et tu ne sais pas comment te calmer seule ?<br>Tu remplis un court questionnaire, je cr\u00e9e une vid\u00e9o personnalis\u00e9e rien que pour toi \u2014 avec les mots justes, les tiens <br>\u2014 pour que tu puisses faire tes rondes EFT seule, quand tu en as besoin.<\/p>\n\n\n\n<div class=\"wp-block-buttons is-layout-flex wp-block-buttons-is-layout-flex\">\n<div class=\"wp-block-button is-style-fill\"><a class=\"wp-block-button__link has-text-color has-background has-link-color wp-element-button\" style=\"color:#fcf3e4;background-color:#9f5425\">\u2728 Je commande ma vid\u00e9o<\/a><\/div>\n<\/div>\n\n\n\n<p><\/p>\n\n\n\n<p><\/p>\n\n\n\n<p><em><strong><em><strong><mark style=\"background-color:#fef7db;color:#9f5425\" class=\"has-inline-color\"><em><strong><em><strong>CROIS <\/strong><\/em><\/strong><\/em><\/mark><\/strong><\/em><\/strong><em><em><em><mark style=\"background-color:#fef7db;color:#9f5425\" class=\"has-inline-color\">en toi, <\/mark><\/em><\/em><\/em><strong><em><strong><mark style=\"background-color:#fef7db;color:#9f5425\" class=\"has-inline-color\"><em><strong><em><strong>OSE <\/strong><\/em><\/strong><\/em><\/mark><\/strong><\/em><\/strong><em><em><em><mark style=\"background-color:#fef7db;color:#9f5425\" class=\"has-inline-color\">faire le premier pas,<\/mark><\/em><\/em><\/em><strong><em><strong> <\/strong><\/em><\/strong><strong><em><strong><mark style=\"background-color:#fef7db;color:#9f5425\" class=\"has-inline-color\"><\/mark><\/strong><\/em><\/strong><strong><em><strong><mark style=\"background-color:#fef7db;color:#9f5425\" class=\"has-inline-color\"><em><strong><em><strong>BRILLE <\/strong><\/em><\/strong><\/em><\/mark><\/strong><\/em><\/strong><em><em><em><mark style=\"background-color:#fef7db;color:#9f5425\" class=\"has-inline-color\">dans ta vie align\u00e9e.<\/mark><\/em><\/em><\/em><\/em><\/p>\n\n\n\n<p><\/p>\n","protected":false},"excerpt":{"rendered":"<p>Je t&rsquo;accompagne avec douceur, avec empathie, sans jugement ni id\u00e9e pr\u00e9con\u00e7ue.Tu n&rsquo;es ni ta s\u0153ur, ni ton amie, ni ta [&hellip;]<\/p>\n","protected":false},"author":2,"featured_media":0,"parent":0,"menu_order":0,"comment_status":"closed","ping_status":"closed","template":"","meta":{"site-sidebar-layout":"default","site-content-layout":"","ast-site-content-layout":"default","site-content-style":"default","site-sidebar-style":"default","ast-global-header-display":"","ast-banner-title-visibility":"","ast-main-header-display":"","ast-hfb-above-header-display":"","ast-hfb-below-header-display":"","ast-hfb-mobile-header-display":"","site-post-title":"disabled","ast-breadcrumbs-content":"","ast-featured-img":"","footer-sml-layout":"","ast-disable-related-posts":"","theme-transparent-header-meta":"","adv-header-id-meta":"","stick-header-meta":"","header-above-stick-meta":"","header-main-stick-meta":"","header-below-stick-meta":"","astra-migrate-meta-layouts":"default","ast-page-background-enabled":"default","ast-page-background-meta":{"desktop":{"background-color":"var(--ast-global-color-5)","background-image":"","background-repeat":"repeat","background-position":"center center","background-size":"auto","background-attachment":"scroll","background-type":"","background-media":"","overlay-type":"","overlay-color":"","overlay-opacity":"","overlay-gradient":""},"tablet":{"background-color":"","background-image":"","background-repeat":"repeat","background-position":"center center","background-size":"auto","background-attachment":"scroll","background-type":"","background-media":"","overlay-type":"","overlay-color":"","overlay-opacity":"","overlay-gradient":""},"mobile":{"background-color":"","background-image":"","background-repeat":"repeat","background-position":"center center","background-size":"auto","background-attachment":"scroll","background-type":"","background-media":"","overlay-type":"","overlay-color":"","overlay-opacity":"","overlay-gradient":""}},"ast-content-background-meta":{"desktop":{"background-color":"var(--ast-global-color-4)","background-image":"","background-repeat":"repeat","background-position":"center center","background-size":"auto","background-attachment":"scroll","background-type":"","background-media":"","overlay-type":"","overlay-color":"","overlay-opacity":"","overlay-gradient":""},"tablet":{"background-color":"var(--ast-global-color-4)","background-image":"","background-repeat":"repeat","background-position":"center center","background-size":"auto","background-attachment":"scroll","background-type":"","background-media":"","overlay-type":"","overlay-color":"","overlay-opacity":"","overlay-gradient":""},"mobile":{"background-color":"var(--ast-global-color-4)","background-image":"","background-repeat":"repeat","background-position":"center center","background-size":"auto","background-attachment":"scroll","background-type":"","background-media":"","overlay-type":"","overlay-color":"","overlay-opacity":"","overlay-gradient":""}},"footnotes":""},"class_list":["post-974","page","type-page","status-publish","hentry"],"_links":{"self":[{"href":"https:\/\/www.muriel-giroud.fr\/index.php\/wp-json\/wp\/v2\/pages\/974","targetHints":{"allow":["GET"]}}],"collection":[{"href":"https:\/\/www.muriel-giroud.fr\/index.php\/wp-json\/wp\/v2\/pages"}],"about":[{"href":"https:\/\/www.muriel-giroud.fr\/index.php\/wp-json\/wp\/v2\/types\/page"}],"author":[{"embeddable":true,"href":"https:\/\/www.muriel-giroud.fr\/index.php\/wp-json\/wp\/v2\/users\/2"}],"replies":[{"embeddable":true,"href":"https:\/\/www.muriel-giroud.fr\/index.php\/wp-json\/wp\/v2\/comments?post=974"}],"version-history":[{"count":19,"href":"https:\/\/www.muriel-giroud.fr\/index.php\/wp-json\/wp\/v2\/pages\/974\/revisions"}],"predecessor-version":[{"id":1130,"href":"https:\/\/www.muriel-giroud.fr\/index.php\/wp-json\/wp\/v2\/pages\/974\/revisions\/1130"}],"wp:attachment":[{"href":"https:\/\/www.muriel-giroud.fr\/index.php\/wp-json\/wp\/v2\/media?parent=974"}],"curies":[{"name":"wp","href":"https:\/\/api.w.org\/{rel}","templated":true}]}}