{"id":984,"date":"2026-04-23T23:54:59","date_gmt":"2026-04-23T21:54:59","guid":{"rendered":"https:\/\/www.muriel-giroud.fr\/?page_id=984"},"modified":"2026-04-25T10:21:17","modified_gmt":"2026-04-25T08:21:17","slug":"mes-supports","status":"publish","type":"page","link":"https:\/\/www.muriel-giroud.fr\/index.php\/mes-supports\/","title":{"rendered":"MES SUPPORTS"},"content":{"rendered":"\n<div class=\"wp-block-cover alignfull is-light\"><img loading=\"lazy\" decoding=\"async\" width=\"1024\" height=\"683\" class=\"wp-block-cover__image-background wp-image-1073 size-large\" alt=\"\" src=\"https:\/\/www.muriel-giroud.fr\/wp-content\/uploads\/2026\/04\/ble-3-9-1024x683.jpg\" data-object-fit=\"cover\" srcset=\"https:\/\/www.muriel-giroud.fr\/wp-content\/uploads\/2026\/04\/ble-3-9-1024x683.jpg 1024w, https:\/\/www.muriel-giroud.fr\/wp-content\/uploads\/2026\/04\/ble-3-9-300x200.jpg 300w, https:\/\/www.muriel-giroud.fr\/wp-content\/uploads\/2026\/04\/ble-3-9-768x512.jpg 768w, https:\/\/www.muriel-giroud.fr\/wp-content\/uploads\/2026\/04\/ble-3-9-1536x1024.jpg 1536w, https:\/\/www.muriel-giroud.fr\/wp-content\/uploads\/2026\/04\/ble-3-9-2048x1365.jpg 2048w\" sizes=\"auto, (max-width: 1024px) 100vw, 1024px\" \/><span aria-hidden=\"true\" class=\"wp-block-cover__background has-background-dim-10 has-background-dim\" style=\"background-color:#d1ac94\"><\/span><div class=\"wp-block-cover__inner-container is-layout-flow wp-block-cover-is-layout-flow\">\n<p class=\"has-text-align-center has-large-font-size\"><strong>MES SUPPORTS<\/strong><\/p>\n<\/div><\/div>\n\n\n\n<p>Ces outils, je les ai cr\u00e9\u00e9s parce que j&rsquo;aurais aim\u00e9 les avoir.<br>Quand j&rsquo;ai commenc\u00e9 \u00e0 travailler sur moi, je cherchais des supports concrets, accessibles, sans blabla th\u00e9orique. <br>Des outils que tu peux utiliser seule, chez toi, \u00e0 ton rythme \u2014 entre deux s\u00e9ances ou sans accompagnement du tout.<br>Alors je les ai cr\u00e9\u00e9s.<br>Des carnets num\u00e9riques de d\u00e9veloppement personnel, un album de coloriage anti-stress, des ateliers\u2026 <br>Pour t&rsquo;aider \u00e0 avancer, \u00e0 ta fa\u00e7on, l\u00e0 o\u00f9 tu en es.<\/p>\n\n\n\n<p><\/p>\n\n\n\n<h5 class=\"wp-block-heading\"><mark style=\"background-color:#fef7db;color:#9f5425\" class=\"has-inline-color\"><strong>\ud83c\udf3f LES CARNETS DE MU<\/strong>\ud83c\udf3f<\/mark><\/h5>\n\n\n\n<div class=\"wp-block-columns is-layout-flex wp-container-core-columns-is-layout-28f84493 wp-block-columns-is-layout-flex\">\n<div class=\"wp-block-column is-layout-flow wp-block-column-is-layout-flow\">\n<figure class=\"wp-block-image aligncenter size-large is-resized\"><img loading=\"lazy\" decoding=\"async\" width=\"1024\" height=\"1024\" src=\"https:\/\/www.muriel-giroud.fr\/wp-content\/uploads\/2026\/04\/Couv-Ruminations-carree-1024x1024.jpg\" alt=\"\" class=\"wp-image-997\" style=\"width:321px;height:auto\" srcset=\"https:\/\/www.muriel-giroud.fr\/wp-content\/uploads\/2026\/04\/Couv-Ruminations-carree-1024x1024.jpg 1024w, https:\/\/www.muriel-giroud.fr\/wp-content\/uploads\/2026\/04\/Couv-Ruminations-carree-300x300.jpg 300w, https:\/\/www.muriel-giroud.fr\/wp-content\/uploads\/2026\/04\/Couv-Ruminations-carree-150x150.jpg 150w, https:\/\/www.muriel-giroud.fr\/wp-content\/uploads\/2026\/04\/Couv-Ruminations-carree-768x768.jpg 768w, https:\/\/www.muriel-giroud.fr\/wp-content\/uploads\/2026\/04\/Couv-Ruminations-carree.jpg 1080w\" sizes=\"auto, (max-width: 1024px) 100vw, 1024px\" \/><\/figure>\n<\/div>\n\n\n\n<div class=\"wp-block-column is-layout-flow wp-block-column-is-layout-flow\">\n<p><mark style=\"background-color:#fef7db;color:#9f5425\" class=\"has-inline-color\">\ud83c\udf3f<strong>LES RUMINATIONS &#8212; 10.90\u20ac <\/strong>\ud83c\udf3f<\/mark><\/p>\n\n\n\n<p>Un carnet de 40 pages pour <strong>en finir avec les pens\u00e9es en boucle<\/strong>, apaiser le mental, et revenir \u00e0 soi.<\/p>\n\n\n\n<p>Pratique, bienveillant, sans blabla inutile. De vraies solutions pour mettre son cerveau sur OFF!<\/p>\n\n\n\n<div class=\"wp-block-buttons is-layout-flex wp-block-buttons-is-layout-flex\">\n<div class=\"wp-block-button\"><a class=\"wp-block-button__link has-text-color has-background has-link-color wp-element-button\" href=\"https:\/\/shop.beacons.ai\/murielgiroudcoach\/74772321-3fef-41db-8e7c-3dea6066b213\" style=\"color:#fcf3e4;background-color:#9f5425\">\u2728 Je commande<\/a><\/div>\n<\/div>\n<\/div>\n<\/div>\n\n\n\n<div class=\"wp-block-columns is-layout-flex wp-container-core-columns-is-layout-28f84493 wp-block-columns-is-layout-flex\">\n<div class=\"wp-block-column is-layout-flow wp-block-column-is-layout-flow\">\n<figure class=\"wp-block-image aligncenter size-large is-resized\"><img loading=\"lazy\" decoding=\"async\" width=\"1024\" height=\"1024\" src=\"https:\/\/www.muriel-giroud.fr\/wp-content\/uploads\/2026\/04\/couverture-Lestime-de-soi-1024x1024.png\" alt=\"\" class=\"wp-image-990\" style=\"width:315px;height:auto\" srcset=\"https:\/\/www.muriel-giroud.fr\/wp-content\/uploads\/2026\/04\/couverture-Lestime-de-soi-1024x1024.png 1024w, https:\/\/www.muriel-giroud.fr\/wp-content\/uploads\/2026\/04\/couverture-Lestime-de-soi-300x300.png 300w, https:\/\/www.muriel-giroud.fr\/wp-content\/uploads\/2026\/04\/couverture-Lestime-de-soi-150x150.png 150w, https:\/\/www.muriel-giroud.fr\/wp-content\/uploads\/2026\/04\/couverture-Lestime-de-soi-768x768.png 768w, https:\/\/www.muriel-giroud.fr\/wp-content\/uploads\/2026\/04\/couverture-Lestime-de-soi.png 1200w\" sizes=\"auto, (max-width: 1024px) 100vw, 1024px\" \/><\/figure>\n<\/div>\n\n\n\n<div class=\"wp-block-column is-layout-flow wp-block-column-is-layout-flow\">\n<p><mark style=\"background-color:#fef7db;color:#8e2ed0\" class=\"has-inline-color\">\ud83c\udf3f <\/mark><strong><mark style=\"background-color:#fef7db;color:#9f5425\" class=\"has-inline-color\">L&rsquo;ESTIME DE SOI &#8212; 12.90\u20ac<\/mark><\/strong><mark style=\"background-color:#fef7db;color:#8e2ed0\" class=\"has-inline-color\"><strong> <\/strong>\ud83c\udf3f<\/mark><\/p>\n\n\n\n<p>Un carnet de 56 pages pour augmenter l\u2019estime de soi\u2026 .<br>Ce n\u2019est pas un \u00e9ni\u00e8me guide de d\u00e9veloppement personnel.<br>C\u2019est un carnet humain, vivant, doux mais cash. <br> Pour comprendre d\u2019o\u00f9 viennent tes doutes.<br>Identifier ce qui t\u2019ab\u00eeme (et arr\u00eater de nourrir \u00e7a).<br>Et surtout <strong>: retrouver ce regard que tu m\u00e9rites. <\/strong>Des cl\u00e9s concr\u00e8tes, des exercices introspectifs, et un ton qui fait du bien.<\/p>\n\n\n\n<div class=\"wp-block-buttons is-layout-flex wp-block-buttons-is-layout-flex\">\n<div class=\"wp-block-button\"><a class=\"wp-block-button__link has-text-color has-background has-link-color wp-element-button\" href=\"https:\/\/shop.beacons.ai\/murielgiroudcoach\/e094d344-5942-4653-95ce-878dedf97dab\" style=\"color:#fcf3e4;background-color:#9f5425\">\u2728 Je commande<\/a><\/div>\n<\/div>\n<\/div>\n<\/div>\n\n\n\n<div class=\"wp-block-columns is-layout-flex wp-container-core-columns-is-layout-28f84493 wp-block-columns-is-layout-flex\">\n<div class=\"wp-block-column is-layout-flow wp-block-column-is-layout-flow\">\n<figure class=\"wp-block-image aligncenter size-full is-resized\"><img loading=\"lazy\" decoding=\"async\" width=\"501\" height=\"520\" src=\"https:\/\/www.muriel-giroud.fr\/wp-content\/uploads\/2026\/04\/Couv-carnet-3-croyances.jpg\" alt=\"\" class=\"wp-image-991\" style=\"aspect-ratio:0.963492660895747;width:310px;height:auto\" srcset=\"https:\/\/www.muriel-giroud.fr\/wp-content\/uploads\/2026\/04\/Couv-carnet-3-croyances.jpg 501w, https:\/\/www.muriel-giroud.fr\/wp-content\/uploads\/2026\/04\/Couv-carnet-3-croyances-289x300.jpg 289w\" sizes=\"auto, (max-width: 501px) 100vw, 501px\" \/><\/figure>\n<\/div>\n\n\n\n<div class=\"wp-block-column is-layout-flow wp-block-column-is-layout-flow\">\n<p><mark style=\"background-color:#fef7db;color:#8e2ed0\" class=\"has-inline-color\">\ud83c\udf3f<\/mark><mark style=\"background-color:#fef7db;color:#9f5425\" class=\"has-inline-color\"> <strong>LES CROYANCES LIMITANTES &#8212; 12.90\u20ac <\/strong><\/mark><mark style=\"background-color:#fef7db;color:#8e2ed0\" class=\"has-inline-color\">\ud83c\udf3f<\/mark><\/p>\n\n\n\n<p>Un carnet de 89 pages pour comprendre comment <strong>vos croyances profondes<\/strong> dirigent vos choix, sabotent parfois vos \u00e9lans, et freinent votre \u00e9panouissement.<br>Un carnet pour les identifier, les d\u00e9construire\u2026 et les transformer.<br>Ce n\u2019est pas \u201cjuste\u201d un carnet : c\u2019est un tournant.<br> Pour mieux comprendre ce qui vous freine.<br><strong> Et surtout, vous lib\u00e9rer de ce qui ne vous appartient plus.<\/strong><\/p>\n\n\n\n<div class=\"wp-block-buttons is-layout-flex wp-block-buttons-is-layout-flex\">\n<div class=\"wp-block-button\"><a class=\"wp-block-button__link has-text-color has-background has-link-color wp-element-button\" href=\"https:\/\/shop.beacons.ai\/murielgiroudcoach\/9721a334-21ac-4b7a-b304-9e545ead9bde\" style=\"color:#fcf3e4;background-color:#9f5425\">\u2728 Je commande<\/a><\/div>\n<\/div>\n<\/div>\n<\/div>\n\n\n\n<div class=\"wp-block-columns is-layout-flex wp-container-core-columns-is-layout-28f84493 wp-block-columns-is-layout-flex\">\n<div class=\"wp-block-column is-layout-flow wp-block-column-is-layout-flow\">\n<figure class=\"wp-block-image aligncenter size-large is-resized\"><img loading=\"lazy\" decoding=\"async\" width=\"1024\" height=\"1024\" src=\"https:\/\/www.muriel-giroud.fr\/wp-content\/uploads\/2026\/04\/couv-carnet-4-1024x1024.png\" alt=\"\" class=\"wp-image-993\" style=\"width:291px;height:auto\" srcset=\"https:\/\/www.muriel-giroud.fr\/wp-content\/uploads\/2026\/04\/couv-carnet-4-1024x1024.png 1024w, https:\/\/www.muriel-giroud.fr\/wp-content\/uploads\/2026\/04\/couv-carnet-4-300x300.png 300w, https:\/\/www.muriel-giroud.fr\/wp-content\/uploads\/2026\/04\/couv-carnet-4-150x150.png 150w, https:\/\/www.muriel-giroud.fr\/wp-content\/uploads\/2026\/04\/couv-carnet-4-768x768.png 768w, https:\/\/www.muriel-giroud.fr\/wp-content\/uploads\/2026\/04\/couv-carnet-4.png 1200w\" sizes=\"auto, (max-width: 1024px) 100vw, 1024px\" \/><\/figure>\n<\/div>\n\n\n\n<div class=\"wp-block-column is-layout-flow wp-block-column-is-layout-flow\">\n<p><mark style=\"background-color:#fef7db;color:#9f5425\" class=\"has-inline-color\">\ud83c\udf3f <strong>LE CARNET DES DECLICS &#8212; <em>GRATUIT <\/em><\/strong><\/mark><mark style=\"background-color:#fef7db;color:#8e2ed0\" class=\"has-inline-color\">\ud83c\udf3f<\/mark><\/p>\n\n\n\n<p>Plus de 20 phrases-choc <strong>pour provoquer ce d\u00e9clic <\/strong>que tu attends. <br>Des phrases courtes, puissantes, qui vont droit au but.<br>Pour t\u2019ouvrir les yeux\u2026 et le c\u0153ur.<br> Pour te faire voir une situation sous un autre angle.<br> Te secouer quand tu restes coinc\u00e9e dans tes habitudes.<br> Et t\u2019aider \u00e0 enclencher, enfin, ce changement que tu repousses.<\/p>\n\n\n\n<div class=\"wp-block-buttons is-layout-flex wp-block-buttons-is-layout-flex\">\n<div class=\"wp-block-button\"><a class=\"wp-block-button__link has-text-color has-background has-link-color wp-element-button\" href=\"https:\/\/shop.beacons.ai\/murielgiroudcoach\/a34241b0-5b4f-41d8-8fa2-4821d4e82c66\" style=\"color:#fcf3e4;background-color:#9f5425\">\u2728Je t\u00e9l\u00e9charge GRATUITEMENT<\/a><\/div>\n<\/div>\n<\/div>\n<\/div>\n\n\n\n<div class=\"wp-block-columns is-layout-flex wp-container-core-columns-is-layout-28f84493 wp-block-columns-is-layout-flex\">\n<div class=\"wp-block-column is-layout-flow wp-block-column-is-layout-flow\">\n<figure class=\"wp-block-image aligncenter size-large is-resized\"><img loading=\"lazy\" decoding=\"async\" width=\"1024\" height=\"1024\" src=\"https:\/\/www.muriel-giroud.fr\/wp-content\/uploads\/2026\/04\/Lcouv-carnet-5-1024x1024.png\" alt=\"\" class=\"wp-image-994\" style=\"width:306px;height:auto\" srcset=\"https:\/\/www.muriel-giroud.fr\/wp-content\/uploads\/2026\/04\/Lcouv-carnet-5-1024x1024.png 1024w, https:\/\/www.muriel-giroud.fr\/wp-content\/uploads\/2026\/04\/Lcouv-carnet-5-300x300.png 300w, https:\/\/www.muriel-giroud.fr\/wp-content\/uploads\/2026\/04\/Lcouv-carnet-5-150x150.png 150w, https:\/\/www.muriel-giroud.fr\/wp-content\/uploads\/2026\/04\/Lcouv-carnet-5-768x768.png 768w, https:\/\/www.muriel-giroud.fr\/wp-content\/uploads\/2026\/04\/Lcouv-carnet-5.png 1200w\" sizes=\"auto, (max-width: 1024px) 100vw, 1024px\" \/><\/figure>\n<\/div>\n\n\n\n<div class=\"wp-block-column is-layout-flow wp-block-column-is-layout-flow\">\n<p><mark style=\"background-color:#fef7db;color:#9f5425\" class=\"has-inline-color\">\ud83c\udf3f <strong>RESPONSABILITES Vs VICTIMISATION &#8212; 12.90\u20ac <\/strong><\/mark><mark style=\"background-color:#fef7db;color:#8e2ed0\" class=\"has-inline-color\">\ud83c\udf3f<\/mark><\/p>\n\n\n\n<p>Un carnet de 84 pages pour explorer en profondeur la diff\u00e9rence entre prendre tes responsabilit\u00e9s et t\u2019enfermer dans la victimisation. <br>Un carnet pour comprendre pourquoi tu restes parfois bloqu\u00e9e dans ce r\u00f4le\u2026 et comment en sortir.<br>Ce n\u2019est pas \u201cjuste\u201d un carnet : c\u2019est <strong>une reprise de pouvoir.<\/strong><br>Pour identifier ce qui t\u2019emp\u00eache d\u2019avancer.<br>Pour oser quitter la posture de victime et retrouver ton \u00e9nergie d\u2019action.<br>Et surtout, pour reprendre les r\u00eanes de ta vie, pas \u00e0 pas.<\/p>\n\n\n\n<div class=\"wp-block-buttons is-layout-flex wp-block-buttons-is-layout-flex\">\n<div class=\"wp-block-button\"><a class=\"wp-block-button__link has-text-color has-background has-link-color wp-element-button\" href=\"https:\/\/shop.beacons.ai\/murielgiroudcoach\/ebae73f1-913d-4791-87c7-9be4533b6ed7\" style=\"color:#fcf3e4;background-color:#9f5425\">\u2728 Je commande<\/a><\/div>\n<\/div>\n<\/div>\n<\/div>\n\n\n\n<h5 class=\"wp-block-heading\"><mark style=\"background-color:#fef7db;color:#8e2ed0\" class=\"has-inline-color\">\ud83c\udf3f<\/mark><mark style=\"background-color:#fef7db;color:#9f5425\" class=\"has-inline-color\"> <strong>ALBUM DE COLORIAGE ANTI-STRESS ET INTROSPECTIF <\/strong> <strong>&#8211;18.90\u20ac <\/strong><\/mark><mark style=\"background-color:#fef7db;color:#8e2ed0\" class=\"has-inline-color\">\ud83c\udf3f<\/mark><\/h5>\n\n\n\n<div class=\"wp-block-columns is-layout-flex wp-container-core-columns-is-layout-28f84493 wp-block-columns-is-layout-flex\">\n<div class=\"wp-block-column is-layout-flow wp-block-column-is-layout-flow\" style=\"flex-basis:33.33%\">\n<figure class=\"wp-block-image size-full\"><img loading=\"lazy\" decoding=\"async\" width=\"342\" height=\"442\" src=\"https:\/\/www.muriel-giroud.fr\/wp-content\/uploads\/2026\/04\/Couverture-Album.jpg\" alt=\"\" class=\"wp-image-998\" srcset=\"https:\/\/www.muriel-giroud.fr\/wp-content\/uploads\/2026\/04\/Couverture-Album.jpg 342w, https:\/\/www.muriel-giroud.fr\/wp-content\/uploads\/2026\/04\/Couverture-Album-232x300.jpg 232w\" sizes=\"auto, (max-width: 342px) 100vw, 342px\" \/><\/figure>\n<\/div>\n\n\n\n<div class=\"wp-block-column is-layout-flow wp-block-column-is-layout-flow\" style=\"flex-basis:66.66%\">\n<p>Un album de coloriage anti-stress pas comme les autres.<br>Parce qu&rsquo;il ne s&rsquo;agit pas juste de colorier \u2014 il s&rsquo;agit de souffler, de poser tes \u00e9motions, et de te retrouver.<br>60 coloriages originaux  et 100 pages d&rsquo;exercices guid\u00e9s pour apaiser tes ruminations, l\u00e2cher prise, renforcer ton estime de toi.<br>Un espace rien qu&rsquo;\u00e0 toi, pour d\u00e9poser ce qui t&rsquo;alourdit et retrouver ce regard doux que tu m\u00e9rites.<br>Prends tes crayons. Et red\u00e9couvre le plaisir simple de te reconnecter \u00e0 toi.<\/p>\n\n\n\n<div class=\"wp-block-buttons is-layout-flex wp-block-buttons-is-layout-flex\">\n<div class=\"wp-block-button\"><a class=\"wp-block-button__link has-text-color has-background has-link-color wp-element-button\" href=\"https:\/\/www.amazon.fr\/COLORIAGE-ANTI-STRESS-INSPIRANT-dexercices-pratiques\/dp\/B0FZBSRNXJ\/ref=sr_1_1?__mk_fr_FR=%C3%85M%C3%85%C5%BD%C3%95%C3%91&amp;crid=1ZLV2YKC7E2E2&amp;dib=eyJ2IjoiMSJ9.OkExwtSoC0mGGryDJwEXvQ.FCnwllGTOfqZf1igU3EMP80FvrhPt3zCkeJyhswQyjo&amp;dib_tag=se&amp;keywords=muriel+Giroud&amp;qid=1777059236&amp;sprefix=muriel+giroud%2Caps%2C327&amp;sr=8-1\" style=\"color:#fcf3e4;background-color:#9f5425\">\u2728 Je commande<\/a><\/div>\n<\/div>\n<\/div>\n<\/div>\n\n\n\n<h5 class=\"wp-block-heading\"><mark style=\"background-color:#fef7db;color:#8e2ed0\" class=\"has-inline-color\">\ud83c\udf3f<\/mark><mark style=\"background-color:rgba(0, 0, 0, 0);color:#9f5425\" class=\"has-inline-color\"> <strong>LES ATELIERS DE MU <em>Prochainement disponibles en ligne<\/em><\/strong> <\/mark><mark style=\"background-color:#fef7db;color:#8e2ed0\" class=\"has-inline-color\">\ud83c\udf3f<\/mark><\/h5>\n\n\n\n<p>Des journ\u00e9es enti\u00e8res pour aller plus loin \u2014 ensemble. Th\u00e9orie (un peu), pratique (beaucoup), bienveillance (toujours). <br>En petits groupes de 6 \u00e0 10 personnes, en pr\u00e9sentiel. <\/p>\n\n\n\n<blockquote class=\"wp-block-quote is-layout-flow wp-block-quote-is-layout-flow\">\n<p><br><mark style=\"background-color:rgba(0, 0, 0, 0);color:#9f5425\" class=\"has-inline-color\"><strong>Atelier Plume &amp; \u00c9motions<\/strong> <em>7h \u2014 90\u20ac \/ personne<\/em> <\/mark><br><br>L&rsquo;\u00e9criture comme outil de lib\u00e9ration et de bien-\u00eatre. Une journ\u00e9e pour apaiser ce qui d\u00e9borde, donner une voix \u00e0 ce que tu ressens, et ancrer du positif. Parce qu&rsquo;\u00e9crire, c&rsquo;est poser le fardeau.<\/p>\n<\/blockquote>\n\n\n\n<blockquote class=\"wp-block-quote is-layout-flow wp-block-quote-is-layout-flow\">\n<p><mark style=\"background-color:rgba(0, 0, 0, 0);color:#9f5425\" class=\"has-inline-color\"><strong>Atelier Stop Ruminations<\/strong> <em>7h \u2014 90\u20ac \/ personne<\/em><\/mark><br><br>Comprendre pourquoi tu rumines \u2014 et apprendre concr\u00e8tement \u00e0 mettre ton cerveau sur OFF. Une journ\u00e9e pour reprendre le contr\u00f4le de tes pens\u00e9es, pour de bon.<\/p>\n<\/blockquote>\n\n\n\n<blockquote class=\"wp-block-quote has-text-color has-link-color wp-elements-4fd6ed951efe3815676ad92fe57d9285 is-layout-flow wp-block-quote-is-layout-flow\" style=\"color:#fcf3e4\">\n<p><mark style=\"background-color:rgba(0, 0, 0, 0);color:#8e2ed0\" class=\"has-inline-color\">\ud83c\udf3f<\/mark><mark style=\"background-color:rgba(0, 0, 0, 0);color:#9f5425\" class=\"has-inline-color\"> <em>Ateliers en pr\u00e9sentiel \u2014 lieu \u00e0 confirmer<\/em> \ud83c\udf3f <em>Tu veux \u00eatre inform\u00e9e des prochaines dates ?<\/em><\/mark><\/p>\n\n\n\n<div class=\"wp-block-buttons is-layout-flex wp-block-buttons-is-layout-flex\">\n<div class=\"wp-block-button\"><a class=\"wp-block-button__link has-background wp-element-button\" style=\"background-color:#9f5425\">\u2728 Je m&rsquo;inscris sur la liste d&rsquo;attente<\/a><\/div>\n<\/div>\n<\/blockquote>\n\n\n\n<p><\/p>\n\n\n\n<p><em><strong><em><mark style=\"background-color:#fcf3e4;color:#9f5425\" class=\"has-inline-color\"><em><em><strong><em><strong><mark style=\"background-color:#fef7db;color:#9f5425\" class=\"has-inline-color\"><em><strong><em><strong>CROIS <\/strong><\/em><\/strong><\/em><\/mark><\/strong><\/em><\/strong><\/em><\/em><\/mark><\/em><\/strong><em><mark style=\"background-color:#fcf3e4;color:#9f5425\" class=\"has-inline-color\"><em><em><em><em><em><mark style=\"background-color:#fef7db;color:#9f5425\" class=\"has-inline-color\">en toi, <\/mark><\/em><\/em><\/em><\/em><\/em><\/mark><\/em><strong><em><mark style=\"background-color:#fcf3e4;color:#9f5425\" class=\"has-inline-color\"><em><em><strong><em><strong><mark style=\"background-color:#fef7db;color:#9f5425\" class=\"has-inline-color\"><em><strong><em><strong>OSE <\/strong><\/em><\/strong><\/em><\/mark><\/strong><\/em><\/strong><\/em><\/em><\/mark><\/em><\/strong><em><mark style=\"background-color:#fcf3e4;color:#9f5425\" class=\"has-inline-color\"><em><em><em><em><em><mark style=\"background-color:#fef7db;color:#9f5425\" class=\"has-inline-color\">faire le premier pas,<\/mark><\/em><\/em> <mark style=\"background-color:#fef7db;color:#9f5425\" class=\"has-inline-color\"><\/mark><\/em><\/em><\/em><\/mark><\/em><strong><em><mark style=\"background-color:#fcf3e4;color:#9f5425\" class=\"has-inline-color\"><em><em><strong><em><strong><mark style=\"background-color:#fef7db;color:#9f5425\" class=\"has-inline-color\"><em><strong><em><strong>BRILLE <\/strong><\/em><\/strong><\/em><\/mark><\/strong><\/em><\/strong><\/em><\/em><\/mark><\/em><\/strong><em><mark style=\"background-color:#fcf3e4;color:#9f5425\" class=\"has-inline-color\"><em><em><em><em><em><mark style=\"background-color:#fef7db;color:#9f5425\" class=\"has-inline-color\">dans ta vie align\u00e9e.<\/mark><\/em><\/em><\/em><\/em><\/em><\/mark><\/em><\/em><\/p>\n\n\n\n<p><\/p>\n","protected":false},"excerpt":{"rendered":"<p>Ces outils, je les ai cr\u00e9\u00e9s parce que j&rsquo;aurais aim\u00e9 les avoir.Quand j&rsquo;ai commenc\u00e9 \u00e0 travailler sur moi, je cherchais [&hellip;]<\/p>\n","protected":false},"author":2,"featured_media":0,"parent":0,"menu_order":0,"comment_status":"closed","ping_status":"closed","template":"","meta":{"site-sidebar-layout":"default","site-content-layout":"","ast-site-content-layout":"default","site-content-style":"default","site-sidebar-style":"default","ast-global-header-display":"","ast-banner-title-visibility":"","ast-main-header-display":"","ast-hfb-above-header-display":"","ast-hfb-below-header-display":"","ast-hfb-mobile-header-display":"","site-post-title":"disabled","ast-breadcrumbs-content":"","ast-featured-img":"","footer-sml-layout":"","ast-disable-related-posts":"","theme-transparent-header-meta":"","adv-header-id-meta":"","stick-header-meta":"","header-above-stick-meta":"","header-main-stick-meta":"","header-below-stick-meta":"","astra-migrate-meta-layouts":"default","ast-page-background-enabled":"default","ast-page-background-meta":{"desktop":{"background-color":"var(--ast-global-color-5)","background-image":"","background-repeat":"repeat","background-position":"center center","background-size":"auto","background-attachment":"scroll","background-type":"","background-media":"","overlay-type":"","overlay-color":"","overlay-opacity":"","overlay-gradient":""},"tablet":{"background-color":"","background-image":"","background-repeat":"repeat","background-position":"center center","background-size":"auto","background-attachment":"scroll","background-type":"","background-media":"","overlay-type":"","overlay-color":"","overlay-opacity":"","overlay-gradient":""},"mobile":{"background-color":"","background-image":"","background-repeat":"repeat","background-position":"center center","background-size":"auto","background-attachment":"scroll","background-type":"","background-media":"","overlay-type":"","overlay-color":"","overlay-opacity":"","overlay-gradient":""}},"ast-content-background-meta":{"desktop":{"background-color":"var(--ast-global-color-4)","background-image":"","background-repeat":"repeat","background-position":"center center","background-size":"auto","background-attachment":"scroll","background-type":"","background-media":"","overlay-type":"","overlay-color":"","overlay-opacity":"","overlay-gradient":""},"tablet":{"background-color":"var(--ast-global-color-4)","background-image":"","background-repeat":"repeat","background-position":"center center","background-size":"auto","background-attachment":"scroll","background-type":"","background-media":"","overlay-type":"","overlay-color":"","overlay-opacity":"","overlay-gradient":""},"mobile":{"background-color":"var(--ast-global-color-4)","background-image":"","background-repeat":"repeat","background-position":"center center","background-size":"auto","background-attachment":"scroll","background-type":"","background-media":"","overlay-type":"","overlay-color":"","overlay-opacity":"","overlay-gradient":""}},"footnotes":""},"class_list":["post-984","page","type-page","status-publish","hentry"],"_links":{"self":[{"href":"https:\/\/www.muriel-giroud.fr\/index.php\/wp-json\/wp\/v2\/pages\/984","targetHints":{"allow":["GET"]}}],"collection":[{"href":"https:\/\/www.muriel-giroud.fr\/index.php\/wp-json\/wp\/v2\/pages"}],"about":[{"href":"https:\/\/www.muriel-giroud.fr\/index.php\/wp-json\/wp\/v2\/types\/page"}],"author":[{"embeddable":true,"href":"https:\/\/www.muriel-giroud.fr\/index.php\/wp-json\/wp\/v2\/users\/2"}],"replies":[{"embeddable":true,"href":"https:\/\/www.muriel-giroud.fr\/index.php\/wp-json\/wp\/v2\/comments?post=984"}],"version-history":[{"count":23,"href":"https:\/\/www.muriel-giroud.fr\/index.php\/wp-json\/wp\/v2\/pages\/984\/revisions"}],"predecessor-version":[{"id":1115,"href":"https:\/\/www.muriel-giroud.fr\/index.php\/wp-json\/wp\/v2\/pages\/984\/revisions\/1115"}],"wp:attachment":[{"href":"https:\/\/www.muriel-giroud.fr\/index.php\/wp-json\/wp\/v2\/media?parent=984"}],"curies":[{"name":"wp","href":"https:\/\/api.w.org\/{rel}","templated":true}]}}